{"id":8,"date":"2014-02-25T16:23:41","date_gmt":"2014-02-25T16:23:41","guid":{"rendered":"http:\/\/www.coachuaycopungo.fin.ec\/?page_id=8"},"modified":"2023-07-06T05:51:45","modified_gmt":"2023-07-06T05:51:45","slug":"mision-y-vision","status":"publish","type":"page","link":"https:\/\/www.seguracoop.com.ec\/?page_id=8","title":{"rendered":"Misi\u00f3n y Visi\u00f3n"},"content":{"rendered":"<div data-colibri-id=\"8-c1\" class=\"style-482 style-local-8-c1 position-relative\">\n  <!---->\n  <div data-colibri-component=\"section\" data-colibri-id=\"8-c6\" id=\"about\" class=\"h-section h-section-global-spacing d-flex align-items-lg-center align-items-md-center align-items-center style-487 style-local-8-c6 position-relative\">\n    <!---->\n    <!---->\n    <div class=\"h-section-grid-container h-section-boxed-container\">\n      <!---->\n      <div data-colibri-id=\"8-c7\" class=\"h-row-container gutters-row-lg-0 gutters-row-md-0 gutters-row-0 gutters-row-v-lg-0 gutters-row-v-md-0 gutters-row-v-0 style-488 style-local-8-c7 position-relative\">\n        <!---->\n        <div class=\"h-row justify-content-lg-center justify-content-md-center justify-content-center align-items-lg-stretch align-items-md-stretch align-items-stretch gutters-col-lg-0 gutters-col-md-0 gutters-col-0 gutters-col-v-lg-0 gutters-col-v-md-0 gutters-col-v-0\">\n          <!---->\n          <div class=\"h-column h-column-container d-flex h-col-lg-auto h-col-md-auto h-col-auto style-489-outer style-local-8-c8-outer\">\n            <div data-colibri-id=\"8-c8\" class=\"d-flex h-flex-basis h-column__inner h-px-lg-0 h-px-md-0 h-px-0 v-inner-lg-0 v-inner-md-0 v-inner-0 style-489 style-local-8-c8 position-relative\">\n              <!---->\n              <!---->\n              <div class=\"w-100 h-y-container h-column__content h-column__v-align flex-basis-100 align-self-lg-start align-self-md-start align-self-start\">\n                <!---->\n                <div data-colibri-id=\"8-c10\" class=\"h-global-transition-all h-heading style-491 style-local-8-c10 position-relative h-element\">\n                  <!---->\n                  <div class=\"h-heading__outer style-491 style-local-8-c10\">\n                    <!---->\n                    <!---->\n                    <h2 class=\"\">Nuestra&nbsp;<em style=\"font-family: &quot;Playfair Display&quot;;\">Misi\u00f3n<\/em><\/h2>\n                  <\/div>\n                <\/div>\n                <div data-colibri-id=\"8-c11\" class=\"h-text h-text-component style-492 style-local-8-c11 position-relative h-element\">\n                  <!---->\n                  <!---->\n                  <div class=\"\">\n                    <p>Ofrecer productos financieros integrales con soluciones r\u00e1pidas, \u00e1giles y transparentes a todos nuestros socios, ser una entidad que contribuye al sistema econ\u00f3mico, social y solidario del pa\u00eds, generando fuentes de empleo y por medio\n                      de nuestro servicio ser el soporte econ\u00f3mico que permita a los negocios, comerciantes, personas naturales y jur\u00eddicas fortalecer sus finanzas y cumplir sus metas.<\/p>\n                  <\/div>\n                <\/div>\n              <\/div>\n            <\/div>\n          <\/div>\n          <div class=\"h-column h-column-container d-flex h-col-lg-auto h-col-md-auto h-col-auto style-493-outer style-local-8-c12-outer\">\n            <div data-colibri-id=\"8-c12\" class=\"d-flex h-flex-basis h-column__inner h-ui-empty-state-container h-px-lg-2 h-px-md-2 h-px-2 v-inner-lg-2 v-inner-md-2 v-inner-2 style-493 style-local-8-c12 position-relative\">\n              <!---->\n              <!---->\n              <div class=\"w-100 h-y-container h-column__content h-column__v-align flex-basis-100\">\n                <!---->\n              <\/div>\n            <\/div>\n          <\/div>\n        <\/div>\n      <\/div>\n    <\/div>\n  <\/div>\n  <div data-colibri-component=\"section\" data-colibri-id=\"8-c13\" id=\"about-2\" class=\"h-section h-section-global-spacing d-flex align-items-lg-center align-items-md-center align-items-center style-494 style-local-8-c13 position-relative\">\n    <!---->\n    <!---->\n    <div class=\"h-section-grid-container h-section-boxed-container\">\n      <!---->\n      <div data-colibri-id=\"8-c14\" class=\"h-row-container gutters-row-lg-0 gutters-row-md-0 gutters-row-0 gutters-row-v-lg-0 gutters-row-v-md-0 gutters-row-v-0 style-495 style-local-8-c14 position-relative\">\n        <!---->\n        <div class=\"h-row justify-content-lg-center justify-content-md-center justify-content-center align-items-lg-stretch align-items-md-stretch align-items-stretch gutters-col-lg-0 gutters-col-md-0 gutters-col-0 gutters-col-v-lg-0 gutters-col-v-md-0 gutters-col-v-0\">\n          <!---->\n          <div class=\"h-column h-column-container d-flex h-col-lg-auto h-col-md-auto h-col-auto style-496-outer style-local-8-c15-outer\">\n            <div data-colibri-id=\"8-c15\" class=\"d-flex h-flex-basis h-column__inner h-ui-empty-state-container h-px-lg-0 h-px-md-0 h-px-0 v-inner-lg-0 v-inner-md-0 v-inner-0 style-496 style-local-8-c15 position-relative\">\n              <!---->\n              <!---->\n              <div class=\"w-100 h-y-container h-column__content h-column__v-align flex-basis-100\">\n                <!---->\n              <\/div>\n            <\/div>\n          <\/div>\n          <div class=\"h-column h-column-container d-flex h-col-lg-auto h-col-md-auto h-col-auto style-497-outer style-local-8-c16-outer\">\n            <div data-colibri-id=\"8-c16\" class=\"d-flex h-flex-basis h-column__inner h-px-lg-2 h-px-md-2 h-px-2 v-inner-lg-2 v-inner-md-2 v-inner-2 style-497 style-local-8-c16 position-relative\">\n              <!---->\n              <!---->\n              <div class=\"w-100 h-y-container h-column__content h-column__v-align flex-basis-100 align-self-lg-start align-self-md-start align-self-start\">\n                <!---->\n                <div data-colibri-id=\"8-c18\" class=\"h-global-transition-all h-heading style-499 style-local-8-c18 position-relative h-element\">\n                  <!---->\n                  <div class=\"h-heading__outer style-499 style-local-8-c18\">\n                    <!---->\n                    <!---->\n                    <h2 class=\"\">Nuestra&nbsp;<em style=\"font-family: &quot;Playfair Display&quot;;\">Visi\u00f3n<\/em><\/h2>\n                  <\/div>\n                <\/div>\n                <div data-colibri-id=\"8-c19\" class=\"h-text h-text-component style-500 style-local-8-c19 position-relative h-element\">\n                  <!---->\n                  <!---->\n                  <div class=\"\">\n                    <p>Ser una empresa cooperativa l\u00edder en el contexto global altamente confiable y s\u00f3lida con una cultura constante de innovaci\u00f3n en sus procesos, fortaleciendo sus herramientas de gesti\u00f3n convencionales y digitales bajo un modelo de trabajo\n                      y un plan de acci\u00f3n transparente y competitivo, entregando d\u00eda a d\u00eda un servicio de excelencia con calidad y calidez a todos nuestros socios y comunidad financiera del pa\u00eds.<\/p>\n                  <\/div>\n                <\/div>\n              <\/div>\n            <\/div>\n          <\/div>\n        <\/div>\n      <\/div>\n    <\/div>\n  <\/div>\n<\/div>","protected":false},"excerpt":{"rendered":"<p>Nuestra&nbsp;Misi\u00f3n Ofrecer productos financieros integrales con soluciones r\u00e1pidas, \u00e1giles y transparentes a todos nuestros socios, ser una entidad que contribuye al sistema econ\u00f3mico, social y solidario del pa\u00eds, generando fuentes de empleo y por medio de nuestro servicio ser el soporte econ\u00f3mico que permita a los negocios, comerciantes, personas naturales y jur\u00eddicas fortalecer sus finanzas [&hellip;]<\/p>\n","protected":false},"author":1,"featured_media":0,"parent":2,"menu_order":2,"comment_status":"closed","ping_status":"closed","template":"page-templates\/full-width-page.php","meta":[],"_links":{"self":[{"href":"https:\/\/www.seguracoop.com.ec\/index.php?rest_route=\/wp\/v2\/pages\/8"}],"collection":[{"href":"https:\/\/www.seguracoop.com.ec\/index.php?rest_route=\/wp\/v2\/pages"}],"about":[{"href":"https:\/\/www.seguracoop.com.ec\/index.php?rest_route=\/wp\/v2\/types\/page"}],"author":[{"embeddable":true,"href":"https:\/\/www.seguracoop.com.ec\/index.php?rest_route=\/wp\/v2\/users\/1"}],"replies":[{"embeddable":true,"href":"https:\/\/www.seguracoop.com.ec\/index.php?rest_route=%2Fwp%2Fv2%2Fcomments&post=8"}],"version-history":[{"count":8,"href":"https:\/\/www.seguracoop.com.ec\/index.php?rest_route=\/wp\/v2\/pages\/8\/revisions"}],"predecessor-version":[{"id":1021,"href":"https:\/\/www.seguracoop.com.ec\/index.php?rest_route=\/wp\/v2\/pages\/8\/revisions\/1021"}],"up":[{"embeddable":true,"href":"https:\/\/www.seguracoop.com.ec\/index.php?rest_route=\/wp\/v2\/pages\/2"}],"wp:attachment":[{"href":"https:\/\/www.seguracoop.com.ec\/index.php?rest_route=%2Fwp%2Fv2%2Fmedia&parent=8"}],"curies":[{"name":"wp","href":"https:\/\/api.w.org\/{rel}","templated":true}]}}