{"id":7,"date":"2014-02-25T16:23:20","date_gmt":"2014-02-25T16:23:20","guid":{"rendered":"http:\/\/www.coachuaycopungo.fin.ec\/?page_id=7"},"modified":"2023-07-06T03:52:57","modified_gmt":"2023-07-06T03:52:57","slug":"quienes-somos","status":"publish","type":"page","link":"https:\/\/www.seguracoop.com.ec\/?page_id=7","title":{"rendered":"Quienes somos"},"content":{"rendered":"<div data-colibri-id=\"7-c1\" class=\"style-278 style-local-7-c1 position-relative\">\n  <!---->\n  <div data-colibri-component=\"section\" data-colibri-id=\"7-c10\" id=\"about\" class=\"h-section h-section-global-spacing d-flex align-items-lg-center align-items-md-center align-items-center style-446 style-local-7-c10 position-relative\">\n    <!---->\n    <!---->\n    <div class=\"h-section-grid-container h-section-boxed-container\">\n      <!---->\n      <div data-colibri-id=\"7-c11\" class=\"h-row-container gutters-row-lg-0 gutters-row-md-0 gutters-row-0 gutters-row-v-lg-0 gutters-row-v-md-0 gutters-row-v-0 style-447 style-local-7-c11 position-relative\">\n        <!---->\n        <div class=\"h-row justify-content-lg-center justify-content-md-center justify-content-center align-items-lg-stretch align-items-md-stretch align-items-stretch gutters-col-lg-0 gutters-col-md-0 gutters-col-0 gutters-col-v-lg-0 gutters-col-v-md-0 gutters-col-v-0\">\n          <!---->\n          <div class=\"h-column h-column-container d-flex h-col-lg-auto h-col-md-auto h-col-auto style-448-outer style-local-7-c12-outer\">\n            <div data-colibri-id=\"7-c12\" class=\"d-flex h-flex-basis h-column__inner h-px-lg-0 h-px-md-0 h-px-0 v-inner-lg-0 v-inner-md-0 v-inner-0 style-448 style-local-7-c12 position-relative\">\n              <!---->\n              <!---->\n              <div class=\"w-100 h-y-container h-column__content h-column__v-align flex-basis-100 align-self-lg-start align-self-md-start align-self-start\">\n                <!---->\n                <div data-colibri-id=\"7-c14\" class=\"h-global-transition-all h-heading style-450 style-local-7-c14 position-relative h-element\">\n                  <!---->\n                  <div class=\"h-heading__outer style-450 style-local-7-c14\">\n                    <!---->\n                    <!---->\n                    <h2 class=\"\">Principios<em style=\"font-family: &quot;Playfair Display&quot;;\"><br>Cooperativos<\/em><\/h2>\n                  <\/div>\n                <\/div>\n                <div data-colibri-id=\"7-c15\" class=\"h-text h-text-component style-451 style-local-7-c15 position-relative h-element\">\n                  <!---->\n                  <!---->\n                  <div class=\"\">\n                    <p>Los principios cooperativos buscan impulsar&nbsp;la gesti\u00f3n de intermediaci\u00f3n financiera fortaleciendo la filosof\u00eda cooperativista, es por&nbsp;esto que la&nbsp;Cooperativa de Ahorro y Cr\u00e9dito SEGURACOOP gestiona sus acciones con base\n                      en los siguientes principios.<\/p>\n                    <p>\u2022 Ingreso libre y voluntario<\/p>\n                    <p>\u2022 Gesti\u00f3n democr\u00e1tica<\/p>\n                    <p>\u2022 Participaci\u00f3n econ\u00f3mica<\/p>\n                    <p>\u2022 Autonom\u00eda e independencia<\/p>\n                    <p>\u2022 Educaci\u00f3n, formaci\u00f3n e informaci\u00f3n<\/p>\n                    <p>\u2022 Cooperaci\u00f3n entre Instituciones Financieras<\/p>\n                    <p>\u2022 Inter\u00e9s por la comunidad<\/p>\n                  <\/div>\n                <\/div>\n              <\/div>\n            <\/div>\n          <\/div>\n          <div class=\"h-column h-column-container d-flex h-col-lg-auto h-col-md-auto h-col-auto style-452-outer style-local-7-c16-outer\">\n            <div data-colibri-id=\"7-c16\" class=\"d-flex h-flex-basis h-column__inner h-ui-empty-state-container h-px-lg-2 h-px-md-2 h-px-2 v-inner-lg-2 v-inner-md-2 v-inner-2 style-452 style-local-7-c16 position-relative\">\n              <!---->\n              <!---->\n              <div class=\"w-100 h-y-container h-column__content h-column__v-align flex-basis-100\">\n                <!---->\n              <\/div>\n            <\/div>\n          <\/div>\n        <\/div>\n      <\/div>\n    <\/div>\n  <\/div>\n  <div data-colibri-component=\"section\" data-colibri-id=\"7-c25\" id=\"custom-2\" class=\"h-section h-section-global-spacing d-flex align-items-lg-center align-items-md-center align-items-center style-461 style-local-7-c25 position-relative\">\n    <!---->\n    <!---->\n    <div class=\"h-section-grid-container h-section-boxed-container\">\n      <!---->\n      <div data-colibri-id=\"7-c30\" class=\"h-row-container gutters-row-lg-3 gutters-row-md-3 gutters-row-0 gutters-row-v-lg-3 gutters-row-v-md-3 gutters-row-v-3 style-466 style-local-7-c30 position-relative\">\n        <!---->\n        <div class=\"h-row justify-content-lg-center justify-content-md-center justify-content-center align-items-lg-stretch align-items-md-stretch align-items-stretch gutters-col-lg-3 gutters-col-md-3 gutters-col-0 gutters-col-v-lg-3 gutters-col-v-md-3 gutters-col-v-3\">\n          <!---->\n          <div class=\"h-column h-column-container d-flex h-col-lg-auto h-col-md-auto h-col-auto style-467-outer style-local-7-c31-outer\">\n            <div data-colibri-id=\"7-c31\" class=\"d-flex h-flex-basis h-column__inner h-px-lg-0 h-px-md-0 h-px-0 v-inner-lg-0 v-inner-md-0 v-inner-0 style-467 style-local-7-c31 position-relative\">\n              <!---->\n              <!---->\n              <div class=\"w-100 h-y-container h-column__content h-column__v-align flex-basis-100 align-self-lg-start align-self-md-start align-self-start\">\n                <!---->\n                <div data-colibri-id=\"7-c32\" class=\"h-text h-text-component style-465 style-local-7-c32 position-relative h-element\">\n                  <!---->\n                  <!---->\n                  <div class=\"\">\n                    <h2>ALIADOS&nbsp;<em style=\"font-family: &quot;Playfair Display&quot;;\">Estrat\u00e9gicos<\/em><\/h2>\n                    <p>\n                      <br>\n                    <\/p>\n                  <\/div>\n                <\/div>\n              <\/div>\n            <\/div>\n          <\/div>\n        <\/div>\n      <\/div>\n    <\/div>\n  <\/div>\n  <div data-colibri-component=\"section\" data-colibri-id=\"7-c17\" id=\"custom\" class=\"h-section h-section-global-spacing d-flex align-items-lg-center align-items-md-center align-items-center style-453 style-local-7-c17 position-relative\">\n    <!---->\n    <!---->\n    <div class=\"h-section-grid-container h-section-boxed-container\">\n      <!---->\n      <div data-colibri-id=\"7-c18\" class=\"h-row-container gutters-row-lg-3 gutters-row-md-3 gutters-row-0 gutters-row-v-lg-3 gutters-row-v-md-3 gutters-row-v-3 style-454 style-local-7-c18 position-relative\">\n        <!---->\n        <div class=\"h-row justify-content-lg-center justify-content-md-center justify-content-center align-items-lg-stretch align-items-md-stretch align-items-stretch gutters-col-lg-3 gutters-col-md-3 gutters-col-0 gutters-col-v-lg-3 gutters-col-v-md-3 gutters-col-v-3\">\n          <!---->\n          <div class=\"h-column h-column-container d-flex h-col-lg-auto h-col-md-auto h-col-auto style-455-outer style-local-7-c19-outer\">\n            <div data-colibri-id=\"7-c19\" class=\"d-flex h-flex-basis h-column__inner h-px-lg-3 h-px-md-3 h-px-3 v-inner-lg-3 v-inner-md-3 v-inner-3 style-455 style-local-7-c19 position-relative\">\n              <!---->\n              <!---->\n              <div class=\"w-100 h-y-container h-column__content h-column__v-align flex-basis-100 align-self-lg-start align-self-md-start align-self-start\">\n                <!---->\n                <div data-colibri-id=\"7-c22\" class=\"d-block style-458 style-local-7-c22 position-relative h-element\">\n                  <!---->\n                  <div class=\"h-image__frame-container-outer\">\n                    <div class=\"h-image__frame-container\">\n                      <!---->\n                      <!---->\n                      <img decoding=\"async\" loading=\"lazy\" width=\"788\" height=\"316\" src=\"https:\/\/www.seguracoop.com.ec\/wp-content\/uploads\/2023\/07\/conafip.png\" class=\"wp-image-990 style-458-image style-local-7-c22-image\" srcset=\"https:\/\/www.seguracoop.com.ec\/wp-content\/uploads\/2023\/07\/conafip.png 788w, https:\/\/www.seguracoop.com.ec\/wp-content\/uploads\/2023\/07\/conafip-300x120.png 300w, https:\/\/www.seguracoop.com.ec\/wp-content\/uploads\/2023\/07\/conafip-768x308.png 768w\" sizes=\"(max-width: 788px) 100vw, 788px\" alt=\"\" \/>\n                      <div class=\"h-image__frame h-hide-lg h-hide-md h-hide-sm style-458-frameImage style-local-7-c22-frameImage\"><\/div>\n                    <\/div>\n                  <\/div>\n                <\/div>\n              <\/div>\n            <\/div>\n          <\/div>\n          <div class=\"h-column h-column-container d-flex h-col-lg-auto h-col-md-auto h-col-auto style-456-outer style-local-7-c20-outer\">\n            <div data-colibri-id=\"7-c20\" class=\"d-flex h-flex-basis h-column__inner h-px-lg-3 h-px-md-3 h-px-3 v-inner-lg-3 v-inner-md-3 v-inner-3 style-456 style-local-7-c20 position-relative\">\n              <!---->\n              <!---->\n              <div class=\"w-100 h-y-container h-column__content h-column__v-align flex-basis-100 align-self-lg-start align-self-md-start align-self-start\">\n                <!---->\n                <div data-colibri-id=\"7-c23\" class=\"d-block style-459 style-local-7-c23 position-relative h-element\">\n                  <!---->\n                  <div class=\"h-image__frame-container-outer\">\n                    <div class=\"h-image__frame-container\">\n                      <!---->\n                      <!---->\n                      <img decoding=\"async\" loading=\"lazy\" width=\"788\" height=\"247\" src=\"https:\/\/www.seguracoop.com.ec\/wp-content\/uploads\/2023\/07\/financoop.png\" class=\"wp-image-991 style-459-image style-local-7-c23-image\" srcset=\"https:\/\/www.seguracoop.com.ec\/wp-content\/uploads\/2023\/07\/financoop.png 788w, https:\/\/www.seguracoop.com.ec\/wp-content\/uploads\/2023\/07\/financoop-300x94.png 300w, https:\/\/www.seguracoop.com.ec\/wp-content\/uploads\/2023\/07\/financoop-768x241.png 768w\" sizes=\"(max-width: 788px) 100vw, 788px\" alt=\"\" \/>\n                      <div class=\"h-image__frame h-hide-lg h-hide-md h-hide-sm style-459-frameImage style-local-7-c23-frameImage\"><\/div>\n                    <\/div>\n                  <\/div>\n                <\/div>\n              <\/div>\n            <\/div>\n          <\/div>\n          <div class=\"h-column h-column-container d-flex h-col-lg-auto h-col-md-auto h-col-auto style-457-outer style-local-7-c21-outer\">\n            <div data-colibri-id=\"7-c21\" class=\"d-flex h-flex-basis h-column__inner h-px-lg-3 h-px-md-3 h-px-3 v-inner-lg-3 v-inner-md-3 v-inner-3 style-457 style-local-7-c21 position-relative\">\n              <!---->\n              <!---->\n              <div class=\"w-100 h-y-container h-column__content h-column__v-align flex-basis-100 align-self-lg-start align-self-md-start align-self-start\">\n                <!---->\n                <div data-colibri-id=\"7-c24\" class=\"d-block style-460 style-local-7-c24 position-relative h-element\">\n                  <!---->\n                  <div class=\"h-image__frame-container-outer\">\n                    <div class=\"h-image__frame-container\">\n                      <!---->\n                      <!---->\n                      <img decoding=\"async\" loading=\"lazy\" width=\"788\" height=\"247\" src=\"https:\/\/www.seguracoop.com.ec\/wp-content\/uploads\/2023\/07\/ucacnor.png\" class=\"wp-image-992 style-460-image style-local-7-c24-image\" srcset=\"https:\/\/www.seguracoop.com.ec\/wp-content\/uploads\/2023\/07\/ucacnor.png 788w, https:\/\/www.seguracoop.com.ec\/wp-content\/uploads\/2023\/07\/ucacnor-300x94.png 300w, https:\/\/www.seguracoop.com.ec\/wp-content\/uploads\/2023\/07\/ucacnor-768x241.png 768w\" sizes=\"(max-width: 788px) 100vw, 788px\" alt=\"\" \/>\n                      <div class=\"h-image__frame h-hide-lg h-hide-md h-hide-sm style-460-frameImage style-local-7-c24-frameImage\"><\/div>\n                    <\/div>\n                  <\/div>\n                <\/div>\n              <\/div>\n            <\/div>\n          <\/div>\n        <\/div>\n      <\/div>\n    <\/div>\n  <\/div>\n<\/div>","protected":false},"excerpt":{"rendered":"<p>PrincipiosCooperativos Los principios cooperativos buscan impulsar&nbsp;la gesti\u00f3n de intermediaci\u00f3n financiera fortaleciendo la filosof\u00eda cooperativista, es por&nbsp;esto que la&nbsp;Cooperativa de Ahorro y Cr\u00e9dito SEGURACOOP gestiona sus acciones con base en los siguientes principios. \u2022 Ingreso libre y voluntario \u2022 Gesti\u00f3n democr\u00e1tica \u2022 Participaci\u00f3n econ\u00f3mica \u2022 Autonom\u00eda e independencia \u2022 Educaci\u00f3n, formaci\u00f3n e informaci\u00f3n \u2022 Cooperaci\u00f3n entre [&hellip;]<\/p>\n","protected":false},"author":1,"featured_media":0,"parent":2,"menu_order":1,"comment_status":"closed","ping_status":"closed","template":"page-templates\/full-width-page.php","meta":[],"_links":{"self":[{"href":"https:\/\/www.seguracoop.com.ec\/index.php?rest_route=\/wp\/v2\/pages\/7"}],"collection":[{"href":"https:\/\/www.seguracoop.com.ec\/index.php?rest_route=\/wp\/v2\/pages"}],"about":[{"href":"https:\/\/www.seguracoop.com.ec\/index.php?rest_route=\/wp\/v2\/types\/page"}],"author":[{"embeddable":true,"href":"https:\/\/www.seguracoop.com.ec\/index.php?rest_route=\/wp\/v2\/users\/1"}],"replies":[{"embeddable":true,"href":"https:\/\/www.seguracoop.com.ec\/index.php?rest_route=%2Fwp%2Fv2%2Fcomments&post=7"}],"version-history":[{"count":11,"href":"https:\/\/www.seguracoop.com.ec\/index.php?rest_route=\/wp\/v2\/pages\/7\/revisions"}],"predecessor-version":[{"id":994,"href":"https:\/\/www.seguracoop.com.ec\/index.php?rest_route=\/wp\/v2\/pages\/7\/revisions\/994"}],"up":[{"embeddable":true,"href":"https:\/\/www.seguracoop.com.ec\/index.php?rest_route=\/wp\/v2\/pages\/2"}],"wp:attachment":[{"href":"https:\/\/www.seguracoop.com.ec\/index.php?rest_route=%2Fwp%2Fv2%2Fmedia&parent=7"}],"curies":[{"name":"wp","href":"https:\/\/api.w.org\/{rel}","templated":true}]}}