{"id":485,"date":"2015-10-13T21:25:47","date_gmt":"2015-10-13T21:25:47","guid":{"rendered":"http:\/\/www.coachuaycopungo.fin.ec\/?page_id=485"},"modified":"2023-07-07T19:45:04","modified_gmt":"2023-07-07T19:45:04","slug":"ahorro-programado","status":"publish","type":"page","link":"https:\/\/www.seguracoop.com.ec\/?page_id=485","title":{"rendered":"Ahorro programado"},"content":{"rendered":"<div data-colibri-id=\"485-c1\" class=\"style-687 style-local-485-c1 position-relative\">\n  <!---->\n  <div data-colibri-component=\"section\" data-colibri-id=\"485-c2\" id=\"about\" class=\"h-section h-section-global-spacing d-flex align-items-lg-center align-items-md-center align-items-center style-692 style-local-485-c2 position-relative\">\n    <!---->\n    <!---->\n    <div class=\"h-section-grid-container h-section-boxed-container\">\n      <!---->\n      <div data-colibri-id=\"485-c3\" class=\"h-row-container gutters-row-lg-0 gutters-row-md-0 gutters-row-0 gutters-row-v-lg-0 gutters-row-v-md-0 gutters-row-v-0 style-693 style-local-485-c3 position-relative\">\n        <!---->\n        <div class=\"h-row justify-content-lg-center justify-content-md-center justify-content-center align-items-lg-stretch align-items-md-stretch align-items-stretch gutters-col-lg-0 gutters-col-md-0 gutters-col-0 gutters-col-v-lg-0 gutters-col-v-md-0 gutters-col-v-0\">\n          <!---->\n          <div class=\"h-column h-column-container d-flex h-col-lg-auto h-col-md-auto h-col-auto style-694-outer style-local-485-c4-outer\">\n            <div data-colibri-id=\"485-c4\" class=\"d-flex h-flex-basis h-column__inner h-px-lg-0 h-px-md-0 h-px-0 v-inner-lg-0 v-inner-md-0 v-inner-0 style-694 style-local-485-c4 position-relative\">\n              <!---->\n              <!---->\n              <div class=\"w-100 h-y-container h-column__content h-column__v-align flex-basis-100 align-self-lg-start align-self-md-start align-self-start\">\n                <!---->\n                <div data-colibri-id=\"485-c5\" class=\"h-global-transition-all h-heading style-696 style-local-485-c5 position-relative h-element\">\n                  <!---->\n                  <div class=\"h-heading__outer style-696 style-local-485-c5\">\n                    <!---->\n                    <!---->\n                    <h2 class=\"\">\n                      <br>Ahorro<em style=\"font-family: &quot;Playfair Display&quot;;\"><br>Programado<\/em><\/h2>\n                  <\/div>\n                <\/div>\n                <div data-colibri-id=\"485-c6\" class=\"h-text h-text-component style-697 style-local-485-c6 position-relative h-element\">\n                  <!---->\n                  <!---->\n                  <div class=\"\">\n                    <h5>AHORRAR REGULARMENTE, EL CAMINO AL \u00c9XITO:<\/h5>\n                    <p>El Ahorro Programado te permite establecer un plan de ahorro personalizado, donde podr\u00e1s definir la frecuencia y el monto de tus dep\u00f3sitos. Autom\u00e1ticamente, se debitar\u00e1 de tu cuenta el importe que hayas seleccionado, garantizando que\n                      tus ahorros crezcan de manera constante y sin esfuerzo adicional.<\/p>\n                    <p>Abre tu cuenta de ahorro con un monto inicial de apertura de $30, 00<\/p>\n                    <h2><em style=\"font-family: &quot;Playfair Display&quot;;\">Requisitos<\/em><\/h2>\n                    <ul>\n                      <li>Copia de c\u00e9dula y papeleta<\/li>\n                      <li>Planilla de un servicio b\u00e1sico actualizada<\/li>\n                      <li>Formulario del Perfil del Cliente<\/li>\n                    <\/ul>\n                    <p>\n                      <br>\n                    <\/p>\n                  <\/div>\n                <\/div>\n              <\/div>\n            <\/div>\n          <\/div>\n          <div class=\"h-column h-column-container d-flex h-col-lg-auto h-col-md-auto h-col-auto style-698-outer style-local-485-c7-outer\">\n            <div data-colibri-id=\"485-c7\" class=\"d-flex h-flex-basis h-column__inner h-ui-empty-state-container h-px-lg-2 h-px-md-2 h-px-2 v-inner-lg-2 v-inner-md-2 v-inner-2 style-698 style-local-485-c7 position-relative\">\n              <!---->\n              <!---->\n              <div class=\"w-100 h-y-container h-column__content h-column__v-align flex-basis-100\">\n                <!---->\n              <\/div>\n            <\/div>\n          <\/div>\n        <\/div>\n      <\/div>\n    <\/div>\n  <\/div>\n<\/div>","protected":false},"excerpt":{"rendered":"<p>AhorroProgramado AHORRAR REGULARMENTE, EL CAMINO AL \u00c9XITO: El Ahorro Programado te permite establecer un plan de ahorro personalizado, donde podr\u00e1s definir la frecuencia y el monto de tus dep\u00f3sitos. Autom\u00e1ticamente, se debitar\u00e1 de tu cuenta el importe que hayas seleccionado, garantizando que tus ahorros crezcan de manera constante y sin esfuerzo adicional. Abre tu cuenta [&hellip;]<\/p>\n","protected":false},"author":1,"featured_media":0,"parent":0,"menu_order":0,"comment_status":"closed","ping_status":"closed","template":"page-templates\/full-width-page.php","meta":[],"_links":{"self":[{"href":"https:\/\/www.seguracoop.com.ec\/index.php?rest_route=\/wp\/v2\/pages\/485"}],"collection":[{"href":"https:\/\/www.seguracoop.com.ec\/index.php?rest_route=\/wp\/v2\/pages"}],"about":[{"href":"https:\/\/www.seguracoop.com.ec\/index.php?rest_route=\/wp\/v2\/types\/page"}],"author":[{"embeddable":true,"href":"https:\/\/www.seguracoop.com.ec\/index.php?rest_route=\/wp\/v2\/users\/1"}],"replies":[{"embeddable":true,"href":"https:\/\/www.seguracoop.com.ec\/index.php?rest_route=%2Fwp%2Fv2%2Fcomments&post=485"}],"version-history":[{"count":5,"href":"https:\/\/www.seguracoop.com.ec\/index.php?rest_route=\/wp\/v2\/pages\/485\/revisions"}],"predecessor-version":[{"id":1325,"href":"https:\/\/www.seguracoop.com.ec\/index.php?rest_route=\/wp\/v2\/pages\/485\/revisions\/1325"}],"wp:attachment":[{"href":"https:\/\/www.seguracoop.com.ec\/index.php?rest_route=%2Fwp%2Fv2%2Fmedia&parent=485"}],"curies":[{"name":"wp","href":"https:\/\/api.w.org\/{rel}","templated":true}]}}