{"id":484,"date":"2015-10-13T21:24:38","date_gmt":"2015-10-13T21:24:38","guid":{"rendered":"http:\/\/www.coachuaycopungo.fin.ec\/?page_id=484"},"modified":"2023-07-07T19:36:25","modified_gmt":"2023-07-07T19:36:25","slug":"ahorro-a-la-vista","status":"publish","type":"page","link":"https:\/\/www.seguracoop.com.ec\/?page_id=484","title":{"rendered":"Ahorro a la vista"},"content":{"rendered":"<div data-colibri-id=\"484-c1\" class=\"style-653 style-local-484-c1 position-relative\">\n  <!---->\n  <div data-colibri-component=\"section\" data-colibri-id=\"484-c2\" id=\"about\" class=\"h-section h-section-global-spacing d-flex align-items-lg-center align-items-md-center align-items-center style-658 style-local-484-c2 position-relative\">\n    <!---->\n    <!---->\n    <div class=\"h-section-grid-container h-section-boxed-container\">\n      <!---->\n      <div data-colibri-id=\"484-c3\" class=\"h-row-container gutters-row-lg-0 gutters-row-md-0 gutters-row-0 gutters-row-v-lg-0 gutters-row-v-md-0 gutters-row-v-0 style-659 style-local-484-c3 position-relative\">\n        <!---->\n        <div class=\"h-row justify-content-lg-center justify-content-md-center justify-content-center align-items-lg-stretch align-items-md-stretch align-items-stretch gutters-col-lg-0 gutters-col-md-0 gutters-col-0 gutters-col-v-lg-0 gutters-col-v-md-0 gutters-col-v-0\">\n          <!---->\n          <div class=\"h-column h-column-container d-flex h-col-lg-auto h-col-md-auto h-col-auto style-660-outer style-local-484-c4-outer\">\n            <div data-colibri-id=\"484-c4\" class=\"d-flex h-flex-basis h-column__inner h-px-lg-0 h-px-md-0 h-px-0 v-inner-lg-0 v-inner-md-0 v-inner-0 style-660 style-local-484-c4 position-relative\">\n              <!---->\n              <!---->\n              <div class=\"w-100 h-y-container h-column__content h-column__v-align flex-basis-100 align-self-lg-start align-self-md-start align-self-start\">\n                <!---->\n                <div data-colibri-id=\"484-c5\" class=\"h-global-transition-all h-heading style-662 style-local-484-c5 position-relative h-element\">\n                  <!---->\n                  <div class=\"h-heading__outer style-662 style-local-484-c5\">\n                    <!---->\n                    <!---->\n                    <h2 class=\"\">Ahorro<em style=\"font-family: &quot;Playfair Display&quot;;\"><br>a la vista<\/em><\/h2>\n                  <\/div>\n                <\/div>\n                <div data-colibri-id=\"484-c6\" class=\"h-text h-text-component style-663 style-local-484-c6 position-relative h-element\">\n                  <!---->\n                  <!---->\n                  <div class=\"\">\n                    <h5>ACCESO INSTANT\u00c1NEO A TUS AHORROS<\/h5>\n                    <p>Con los Ahorros a la Vista, tendr\u00e1s la libertad de acceder a tu dinero cuando lo necesites, sin demoras ni complicaciones. Podr\u00e1s realizar retiros en efectivo, transferencias o pagos de forma r\u00e1pida y sencilla, garantizando la disponibilidad\n                      de tus fondos en todo momento.<\/p>\n                    <p>Abre tu cuenta de ahorro con un monto de apertura de $30, 00<\/p>\n                    <h2><em style=\"font-family: &quot;Playfair Display&quot;;\">Requisitos<\/em><\/h2>\n                    <ul>\n                      <li>Copia de c\u00e9dula y papeleta<\/li>\n                      <li>Planilla de un servicio b\u00e1sico actualizada<\/li>\n                      <li>Formulario del Perfil del Cliente<\/li>\n                    <\/ul>\n                    <p>\n                      <br>\n                    <\/p>\n                  <\/div>\n                <\/div>\n              <\/div>\n            <\/div>\n          <\/div>\n          <div class=\"h-column h-column-container d-flex h-col-lg-auto h-col-md-auto h-col-auto style-664-outer style-local-484-c7-outer\">\n            <div data-colibri-id=\"484-c7\" class=\"d-flex h-flex-basis h-column__inner h-ui-empty-state-container h-px-lg-2 h-px-md-2 h-px-2 v-inner-lg-2 v-inner-md-2 v-inner-2 style-664 style-local-484-c7 position-relative\">\n              <!---->\n              <!---->\n              <div class=\"w-100 h-y-container h-column__content h-column__v-align flex-basis-100\">\n                <!---->\n              <\/div>\n            <\/div>\n          <\/div>\n        <\/div>\n      <\/div>\n    <\/div>\n  <\/div>\n  <div data-colibri-component=\"section\" data-colibri-id=\"484-c8\" id=\"overlappable\" class=\"h-section h-section-global-spacing d-flex align-items-lg-center align-items-md-center align-items-center style-670 style-local-484-c8 position-relative\">\n    <!---->\n    <!---->\n    <div class=\"h-section-grid-container h-section-boxed-container\">\n      <!---->\n      <div data-colibri-id=\"484-c9\" class=\"h-row-container gutters-row-lg-0 gutters-row-md-0 gutters-row-2 gutters-row-v-lg-0 gutters-row-v-md-0 gutters-row-v-2 style-671 style-local-484-c9 position-relative\">\n        <!---->\n        <div class=\"h-row justify-content-lg-center justify-content-md-center justify-content-center align-items-lg-stretch align-items-md-stretch align-items-stretch gutters-col-lg-0 gutters-col-md-0 gutters-col-2 gutters-col-v-lg-0 gutters-col-v-md-0 gutters-col-v-2\">\n          <!---->\n          <div class=\"h-column h-column-container d-flex h-col-lg-4 h-col-md-4 h-col-12 style-672-outer style-local-484-c10-outer\">\n            <div data-colibri-id=\"484-c10\" class=\"d-flex h-flex-basis h-column__inner h-px-lg-3 h-px-md-3 h-px-2 v-inner-lg-3 v-inner-md-3 v-inner-2 style-672 style-local-484-c10 position-relative\">\n              <!---->\n              <!---->\n              <div class=\"w-100 h-y-container h-column__content h-column__v-align flex-basis-100 align-self-lg-start align-self-md-start align-self-start\">\n                <!---->\n                <div data-colibri-id=\"484-c11\" class=\"h-icon style-673 style-local-484-c11 position-relative h-element\">\n                  <!---->\n                  <a href=\"https:\/\/www.seguracoop.com.ec\/wp-content\/uploads\/2023\/06\/REQUISITOS-aperturas-de-cuentas-.pdf\" h-use-smooth-scroll=\"true\"><span class=\"h-svg-icon h-icon__icon style-673-icon style-local-484-c11-icon\"><!--Icon by Font Awesome (https:\/\/fontawesome.com)-->\n    <svg version=\"1.1\" xmlns=\"http:\/\/www.w3.org\/2000\/svg\" xmlns:xlink=\"http:\/\/www.w3.org\/1999\/xlink\" id=\"folder-o\" viewBox=\"0 0 1664 1896.0833\">\n      <path d=\"M1536 1312V608q0-40-28-68t-68-28H736q-40 0-68-28t-28-68v-64q0-40-28-68t-68-28H224q-40 0-68 28t-28 68v960q0 40 28 68t68 28h1216q40 0 68-28t28-68zm128-704v704q0 92-66 158t-158 66H224q-92 0-158-66T0 1312V352q0-92 66-158t158-66h320q92 0 158 66t66 158v32h672q92 0 158 66t66 158z\"><\/path>\n    <\/svg><\/span><\/a>\n                <\/div>\n                <div data-colibri-id=\"484-c12\" class=\"h-global-transition-all h-heading style-674 style-local-484-c12 position-relative h-element\">\n                  <!---->\n                  <div class=\"h-heading__outer style-674 style-local-484-c12\">\n                    <!---->\n                    <!---->\n                    <h5 class=\"\">REQUISITOS APERTURA DE CUENTA<\/h5>\n                  <\/div>\n                <\/div>\n              <\/div>\n            <\/div>\n          <\/div>\n        <\/div>\n      <\/div>\n    <\/div>\n  <\/div>\n<\/div>","protected":false},"excerpt":{"rendered":"<p>Ahorroa la vista ACCESO INSTANT\u00c1NEO A TUS AHORROS Con los Ahorros a la Vista, tendr\u00e1s la libertad de acceder a tu dinero cuando lo necesites, sin demoras ni complicaciones. Podr\u00e1s realizar retiros en efectivo, transferencias o pagos de forma r\u00e1pida y sencilla, garantizando la disponibilidad de tus fondos en todo momento. Abre tu cuenta de [&hellip;]<\/p>\n","protected":false},"author":1,"featured_media":0,"parent":0,"menu_order":0,"comment_status":"closed","ping_status":"closed","template":"page-templates\/full-width-page.php","meta":[],"_links":{"self":[{"href":"https:\/\/www.seguracoop.com.ec\/index.php?rest_route=\/wp\/v2\/pages\/484"}],"collection":[{"href":"https:\/\/www.seguracoop.com.ec\/index.php?rest_route=\/wp\/v2\/pages"}],"about":[{"href":"https:\/\/www.seguracoop.com.ec\/index.php?rest_route=\/wp\/v2\/types\/page"}],"author":[{"embeddable":true,"href":"https:\/\/www.seguracoop.com.ec\/index.php?rest_route=\/wp\/v2\/users\/1"}],"replies":[{"embeddable":true,"href":"https:\/\/www.seguracoop.com.ec\/index.php?rest_route=%2Fwp%2Fv2%2Fcomments&post=484"}],"version-history":[{"count":6,"href":"https:\/\/www.seguracoop.com.ec\/index.php?rest_route=\/wp\/v2\/pages\/484\/revisions"}],"predecessor-version":[{"id":1310,"href":"https:\/\/www.seguracoop.com.ec\/index.php?rest_route=\/wp\/v2\/pages\/484\/revisions\/1310"}],"wp:attachment":[{"href":"https:\/\/www.seguracoop.com.ec\/index.php?rest_route=%2Fwp%2Fv2%2Fmedia&parent=484"}],"curies":[{"name":"wp","href":"https:\/\/api.w.org\/{rel}","templated":true}]}}