{"id":29,"date":"2014-02-25T16:37:42","date_gmt":"2014-02-25T16:37:42","guid":{"rendered":"http:\/\/www.coachuaycopungo.fin.ec\/?page_id=29"},"modified":"2023-07-07T19:32:47","modified_gmt":"2023-07-07T19:32:47","slug":"ahorro","status":"publish","type":"page","link":"https:\/\/www.seguracoop.com.ec\/?page_id=29","title":{"rendered":"Ahorro Infantil"},"content":{"rendered":"<div data-colibri-id=\"29-c1\" class=\"style-675 style-local-29-c1 position-relative\">\n  <!---->\n  <div data-colibri-component=\"section\" data-colibri-id=\"29-c2\" id=\"about\" class=\"h-section h-section-global-spacing d-flex align-items-lg-center align-items-md-center align-items-center style-680 style-local-29-c2 position-relative\">\n    <!---->\n    <!---->\n    <div class=\"h-section-grid-container h-section-boxed-container\">\n      <!---->\n      <div data-colibri-id=\"29-c3\" class=\"h-row-container gutters-row-lg-0 gutters-row-md-0 gutters-row-0 gutters-row-v-lg-0 gutters-row-v-md-0 gutters-row-v-0 style-681 style-local-29-c3 position-relative\">\n        <!---->\n        <div class=\"h-row justify-content-lg-center justify-content-md-center justify-content-center align-items-lg-stretch align-items-md-stretch align-items-stretch gutters-col-lg-0 gutters-col-md-0 gutters-col-0 gutters-col-v-lg-0 gutters-col-v-md-0 gutters-col-v-0\">\n          <!---->\n          <div class=\"h-column h-column-container d-flex h-col-lg-auto h-col-md-auto h-col-auto style-682-outer style-local-29-c4-outer\">\n            <div data-colibri-id=\"29-c4\" class=\"d-flex h-flex-basis h-column__inner h-px-lg-0 h-px-md-0 h-px-0 v-inner-lg-0 v-inner-md-0 v-inner-0 style-682 style-local-29-c4 position-relative\">\n              <!---->\n              <!---->\n              <div class=\"w-100 h-y-container h-column__content h-column__v-align flex-basis-100 align-self-lg-start align-self-md-start align-self-start\">\n                <!---->\n                <div data-colibri-id=\"29-c5\" class=\"h-global-transition-all h-heading style-684 style-local-29-c5 position-relative h-element\">\n                  <!---->\n                  <div class=\"h-heading__outer style-684 style-local-29-c5\">\n                    <!---->\n                    <!---->\n                    <h2 class=\"\">Ahorro<em style=\"font-family: &quot;Playfair Display&quot;;\"><br>Infantil<\/em><\/h2>\n                  <\/div>\n                <\/div>\n                <div data-colibri-id=\"29-c6\" class=\"h-text h-text-component style-685 style-local-29-c6 position-relative h-element\">\n                  <!---->\n                  <!---->\n                  <div class=\"\">\n                    <h5>AHORRAR NUNCA HA SIDO TAN DIVERTIDO:<span style=\"font-weight: 400; font-size: 16px; color: rgb(70, 112, 127);\"><br>Con nuestra Cuenta de Ahorro Infantil, los ni\u00f1os aprender\u00e1n la importancia de ahorrar de una manera divertida y accesible. Podr\u00e1n depositar sus ahorros en su propia cuenta y ver c\u00f3mo crece su dinero a medida que aprenden sobre metas financieras, planificaci\u00f3n y responsabilidad.<\/span><\/h5>\n                    <h2><em style=\"font-family: &quot;Playfair Display&quot;;\">Requisitos<\/em><\/h2>\n                    <ul>\n                      <li>Copia de c\u00e9dula&nbsp;o partida de nacimiento<\/li>\n                      <li>Copia de c\u00e9dula y papeleta de votaci\u00f3n del representante<\/li>\n                    <\/ul>\n                    <p>\n                      <br>\n                    <\/p>\n                    <p>\n                      <br>\n                    <\/p>\n                  <\/div>\n                <\/div>\n              <\/div>\n            <\/div>\n          <\/div>\n          <div class=\"h-column h-column-container d-flex h-col-lg-auto h-col-md-auto h-col-auto style-686-outer style-local-29-c7-outer\">\n            <div data-colibri-id=\"29-c7\" class=\"d-flex h-flex-basis h-column__inner h-ui-empty-state-container h-px-lg-2 h-px-md-2 h-px-2 v-inner-lg-2 v-inner-md-2 v-inner-2 style-686 style-local-29-c7 position-relative\">\n              <!---->\n              <!---->\n              <div class=\"w-100 h-y-container h-column__content h-column__v-align flex-basis-100\">\n                <!---->\n              <\/div>\n            <\/div>\n          <\/div>\n        <\/div>\n      <\/div>\n    <\/div>\n  <\/div>\n<\/div>","protected":false},"excerpt":{"rendered":"<p>AhorroInfantil AHORRAR NUNCA HA SIDO TAN DIVERTIDO:Con nuestra Cuenta de Ahorro Infantil, los ni\u00f1os aprender\u00e1n la importancia de ahorrar de una manera divertida y accesible. Podr\u00e1n depositar sus ahorros en su propia cuenta y ver c\u00f3mo crece su dinero a medida que aprenden sobre metas financieras, planificaci\u00f3n y responsabilidad. Requisitos Copia de c\u00e9dula&nbsp;o partida de [&hellip;]<\/p>\n","protected":false},"author":1,"featured_media":0,"parent":23,"menu_order":2,"comment_status":"closed","ping_status":"closed","template":"page-templates\/full-width-page.php","meta":[],"_links":{"self":[{"href":"https:\/\/www.seguracoop.com.ec\/index.php?rest_route=\/wp\/v2\/pages\/29"}],"collection":[{"href":"https:\/\/www.seguracoop.com.ec\/index.php?rest_route=\/wp\/v2\/pages"}],"about":[{"href":"https:\/\/www.seguracoop.com.ec\/index.php?rest_route=\/wp\/v2\/types\/page"}],"author":[{"embeddable":true,"href":"https:\/\/www.seguracoop.com.ec\/index.php?rest_route=\/wp\/v2\/users\/1"}],"replies":[{"embeddable":true,"href":"https:\/\/www.seguracoop.com.ec\/index.php?rest_route=%2Fwp%2Fv2%2Fcomments&post=29"}],"version-history":[{"count":14,"href":"https:\/\/www.seguracoop.com.ec\/index.php?rest_route=\/wp\/v2\/pages\/29\/revisions"}],"predecessor-version":[{"id":1303,"href":"https:\/\/www.seguracoop.com.ec\/index.php?rest_route=\/wp\/v2\/pages\/29\/revisions\/1303"}],"up":[{"embeddable":true,"href":"https:\/\/www.seguracoop.com.ec\/index.php?rest_route=\/wp\/v2\/pages\/23"}],"wp:attachment":[{"href":"https:\/\/www.seguracoop.com.ec\/index.php?rest_route=%2Fwp%2Fv2%2Fmedia&parent=29"}],"curies":[{"name":"wp","href":"https:\/\/api.w.org\/{rel}","templated":true}]}}