{"id":26,"date":"2014-02-25T16:37:59","date_gmt":"2014-02-25T16:37:59","guid":{"rendered":"http:\/\/www.coachuaycopungo.fin.ec\/?page_id=26"},"modified":"2023-07-07T20:01:44","modified_gmt":"2023-07-07T20:01:44","slug":"inversiones","status":"publish","type":"page","link":"https:\/\/www.seguracoop.com.ec\/?page_id=26","title":{"rendered":"Inversiones"},"content":{"rendered":"<div data-colibri-id=\"26-c1\" class=\"style-711 style-local-26-c1 position-relative\">\n  <!---->\n  <div data-colibri-component=\"section\" data-colibri-id=\"26-c2\" id=\"about\" class=\"h-section h-section-global-spacing d-flex align-items-lg-center align-items-md-center align-items-center style-716 style-local-26-c2 position-relative\">\n    <!---->\n    <!---->\n    <div class=\"h-section-grid-container h-section-boxed-container\">\n      <!---->\n      <div data-colibri-id=\"26-c3\" class=\"h-row-container gutters-row-lg-0 gutters-row-md-0 gutters-row-0 gutters-row-v-lg-0 gutters-row-v-md-0 gutters-row-v-0 style-717 style-local-26-c3 position-relative\">\n        <!---->\n        <div class=\"h-row justify-content-lg-center justify-content-md-center justify-content-center align-items-lg-stretch align-items-md-stretch align-items-stretch gutters-col-lg-0 gutters-col-md-0 gutters-col-0 gutters-col-v-lg-0 gutters-col-v-md-0 gutters-col-v-0\">\n          <!---->\n          <div class=\"h-column h-column-container d-flex h-col-lg-auto h-col-md-auto h-col-auto style-718-outer style-local-26-c4-outer\">\n            <div data-colibri-id=\"26-c4\" class=\"d-flex h-flex-basis h-column__inner h-px-lg-0 h-px-md-0 h-px-0 v-inner-lg-0 v-inner-md-0 v-inner-0 style-718 style-local-26-c4 position-relative\">\n              <!---->\n              <!---->\n              <div class=\"w-100 h-y-container h-column__content h-column__v-align flex-basis-100 align-self-lg-start align-self-md-start align-self-start\">\n                <!---->\n                <div data-colibri-id=\"26-c5\" class=\"h-global-transition-all h-heading style-720 style-local-26-c5 position-relative h-element\">\n                  <!---->\n                  <div class=\"h-heading__outer style-720 style-local-26-c5\">\n                    <!---->\n                    <!---->\n                    <h2 class=\"\"><em style=\"font-family: &quot;Playfair Display&quot;;\">Inversiones<\/em><\/h2>\n                  <\/div>\n                <\/div>\n                <div data-colibri-id=\"26-c6\" class=\"h-text h-text-component style-721 style-local-26-c6 position-relative h-element\">\n                  <!---->\n                  <!---->\n                  <div class=\"\">\n                    <h5>DEP\u00d3SITOS A PLAZO FIJO CON LAS MEJORES TASAS DE INTER\u00c9S DEL MERCADO:<span style=\"color: rgb(70, 112, 127); font-size: 16px; font-weight: 400;\"><br><br>Permite a los clientes destinar su dinero a un ahorro inmediato, cuyo rendimiento obtenido puede ser al vencimiento o mensualizado con tasas competitivas. Adem\u00e1s, puedes acceder a cr\u00e9dito inmediato con tasas preferenciales con garant\u00eda de tu inversi\u00f3n.<br><br>Te brindamos seguridad, rentabilidad y flexibilidad al invertir con nosotros.<\/span>\n                      <br>\n                    <\/h5>\n                    <h2><em style=\"font-family: &quot;Playfair Display&quot;;\">Requisitos<\/em><\/h2>\n                    <p><span style=\"color: rgb(70, 112, 127); font-family: &quot;Open Sans&quot;; font-size: 16px; font-weight: 400;\">\u2022 Copia de c\u00e9dula y papeleta de votaci\u00f3n<\/span>\n                      <br><span style=\"color: rgb(70, 112, 127); font-family: &quot;Open Sans&quot;; font-size: 16px; font-weight: 400;\">\u2022 Planilla de servicios b\u00e1sicos actualizada<\/span><\/p>\n                  <\/div>\n                <\/div>\n              <\/div>\n            <\/div>\n          <\/div>\n          <div class=\"h-column h-column-container d-flex h-col-lg-auto h-col-md-auto h-col-auto style-722-outer style-local-26-c7-outer\">\n            <div data-colibri-id=\"26-c7\" class=\"d-flex h-flex-basis h-column__inner h-ui-empty-state-container h-px-lg-2 h-px-md-2 h-px-2 v-inner-lg-2 v-inner-md-2 v-inner-2 style-722 style-local-26-c7 position-relative\">\n              <!---->\n              <!---->\n              <div class=\"w-100 h-y-container h-column__content h-column__v-align flex-basis-100\">\n                <!---->\n              <\/div>\n            <\/div>\n          <\/div>\n        <\/div>\n      <\/div>\n    <\/div>\n  <\/div>\n  <div data-colibri-component=\"section\" data-colibri-id=\"26-c8\" id=\"custom\" class=\"h-section h-section-global-spacing d-flex align-items-lg-center align-items-md-center align-items-center style-730 style-local-26-c8 position-relative\">\n    <!---->\n    <!---->\n    <div class=\"h-section-grid-container h-section-boxed-container\">\n      <!---->\n      <div data-colibri-id=\"26-c9\" class=\"h-row-container gutters-row-lg-2 gutters-row-md-2 gutters-row-0 gutters-row-v-lg-2 gutters-row-v-md-2 gutters-row-v-2 style-731 style-local-26-c9 position-relative\">\n        <!---->\n        <div class=\"h-row justify-content-lg-center justify-content-md-center justify-content-center align-items-lg-stretch align-items-md-stretch align-items-stretch gutters-col-lg-2 gutters-col-md-2 gutters-col-0 gutters-col-v-lg-2 gutters-col-v-md-2 gutters-col-v-2\">\n          <!---->\n          <div class=\"h-column h-column-container d-flex h-col-lg-auto h-col-md-auto h-col-auto style-732-outer style-local-26-c10-outer\">\n            <div data-colibri-id=\"26-c10\" class=\"d-flex h-flex-basis h-column__inner h-px-lg-2 h-px-md-2 h-px-2 v-inner-lg-2 v-inner-md-2 v-inner-2 style-732 style-local-26-c10 position-relative\">\n              <!---->\n              <!---->\n              <div class=\"w-100 h-y-container h-column__content h-column__v-align flex-basis-100 align-self-lg-start align-self-md-start align-self-start\">\n                <!---->\n                <div data-colibri-id=\"26-c11\" class=\"h-text h-text-component style-733 style-local-26-c11 position-relative h-element\">\n                  <!---->\n                  <!---->\n                  <div class=\"\">\n                    <h2>Las mejores tasas preferenciales de acuerdo<\/h2>\n                    <h2>al <em style=\"font-family: &quot;Playfair Display&quot;;\">monto<\/em> y <em style=\"font-family: &quot;Playfair Display&quot;;\">tiempo&nbsp;<\/em>del mercado\n                      <br>\n                    <\/h2>\n                    <p>\n                      <br>\n                    <\/p>\n                    <p>\n                      <br>\n                    <\/p>\n                  <\/div>\n                <\/div>\n              <\/div>\n            <\/div>\n          <\/div>\n        <\/div>\n      <\/div>\n    <\/div>\n  <\/div>\n<\/div>","protected":false},"excerpt":{"rendered":"<p>Inversiones DEP\u00d3SITOS A PLAZO FIJO CON LAS MEJORES TASAS DE INTER\u00c9S DEL MERCADO:Permite a los clientes destinar su dinero a un ahorro inmediato, cuyo rendimiento obtenido puede ser al vencimiento o mensualizado con tasas competitivas. Adem\u00e1s, puedes acceder a cr\u00e9dito inmediato con tasas preferenciales con garant\u00eda de tu inversi\u00f3n.Te brindamos seguridad, rentabilidad y flexibilidad al [&hellip;]<\/p>\n","protected":false},"author":1,"featured_media":0,"parent":23,"menu_order":3,"comment_status":"closed","ping_status":"closed","template":"page-templates\/full-width-page.php","meta":[],"_links":{"self":[{"href":"https:\/\/www.seguracoop.com.ec\/index.php?rest_route=\/wp\/v2\/pages\/26"}],"collection":[{"href":"https:\/\/www.seguracoop.com.ec\/index.php?rest_route=\/wp\/v2\/pages"}],"about":[{"href":"https:\/\/www.seguracoop.com.ec\/index.php?rest_route=\/wp\/v2\/types\/page"}],"author":[{"embeddable":true,"href":"https:\/\/www.seguracoop.com.ec\/index.php?rest_route=\/wp\/v2\/users\/1"}],"replies":[{"embeddable":true,"href":"https:\/\/www.seguracoop.com.ec\/index.php?rest_route=%2Fwp%2Fv2%2Fcomments&post=26"}],"version-history":[{"count":13,"href":"https:\/\/www.seguracoop.com.ec\/index.php?rest_route=\/wp\/v2\/pages\/26\/revisions"}],"predecessor-version":[{"id":1339,"href":"https:\/\/www.seguracoop.com.ec\/index.php?rest_route=\/wp\/v2\/pages\/26\/revisions\/1339"}],"up":[{"embeddable":true,"href":"https:\/\/www.seguracoop.com.ec\/index.php?rest_route=\/wp\/v2\/pages\/23"}],"wp:attachment":[{"href":"https:\/\/www.seguracoop.com.ec\/index.php?rest_route=%2Fwp%2Fv2%2Fmedia&parent=26"}],"curies":[{"name":"wp","href":"https:\/\/api.w.org\/{rel}","templated":true}]}}