{"id":25,"date":"2014-02-25T16:36:14","date_gmt":"2014-02-25T16:36:14","guid":{"rendered":"http:\/\/www.coachuaycopungo.fin.ec\/?page_id=25"},"modified":"2023-07-07T19:28:54","modified_gmt":"2023-07-07T19:28:54","slug":"credito","status":"publish","type":"page","link":"https:\/\/www.seguracoop.com.ec\/?page_id=25","title":{"rendered":"Cr\u00e9dito"},"content":{"rendered":"<div data-colibri-id=\"25-c1\" class=\"style-621 style-local-25-c1 position-relative\">\n  <!---->\n  <div data-colibri-component=\"section\" data-colibri-id=\"25-c2\" id=\"about\" class=\"h-section h-section-global-spacing d-flex align-items-lg-center align-items-md-center align-items-center style-626 style-local-25-c2 position-relative\">\n    <!---->\n    <!---->\n    <div class=\"h-section-grid-container h-section-boxed-container\">\n      <!---->\n      <div data-colibri-id=\"25-c3\" class=\"h-row-container gutters-row-lg-0 gutters-row-md-0 gutters-row-0 gutters-row-v-lg-0 gutters-row-v-md-0 gutters-row-v-0 style-627 style-local-25-c3 position-relative\">\n        <!---->\n        <div class=\"h-row justify-content-lg-center justify-content-md-center justify-content-center align-items-lg-stretch align-items-md-stretch align-items-stretch gutters-col-lg-0 gutters-col-md-0 gutters-col-0 gutters-col-v-lg-0 gutters-col-v-md-0 gutters-col-v-0\">\n          <!---->\n          <div class=\"h-column h-column-container d-flex h-col-lg-auto h-col-md-auto h-col-auto style-628-outer style-local-25-c4-outer\">\n            <div data-colibri-id=\"25-c4\" class=\"d-flex h-flex-basis h-column__inner h-px-lg-0 h-px-md-0 h-px-0 v-inner-lg-0 v-inner-md-0 v-inner-0 style-628 style-local-25-c4 position-relative\">\n              <!---->\n              <!---->\n              <div class=\"w-100 h-y-container h-column__content h-column__v-align flex-basis-100 align-self-lg-start align-self-md-start align-self-start\">\n                <!---->\n                <div data-colibri-id=\"25-c5\" class=\"h-global-transition-all h-heading style-630 style-local-25-c5 position-relative h-element\">\n                  <!---->\n                  <div class=\"h-heading__outer style-630 style-local-25-c5\">\n                    <!---->\n                    <!---->\n                    <h2 class=\"\"><em style=\"font-family: &quot;Playfair Display&quot;;\">Cr\u00e9dito<\/em><\/h2>\n                  <\/div>\n                <\/div>\n                <div data-colibri-id=\"25-c6\" class=\"h-text h-text-component style-631 style-local-25-c6 position-relative h-element\">\n                  <!---->\n                  <!---->\n                  <div class=\"\">\n                    <p>Cr\u00e9dito inmediato y a la mejor tasa de inter\u00e9s del mercado, con la confianza y seguridad que te brinda nuestra instituci\u00f3n. <\/p>\n                    <p>Recuerda que somos la cooperativa que crece junto a ti. <\/p>\n                    <h2><em style=\"font-family: &quot;Playfair Display&quot;;\">Requisitos<\/em><\/h2>\n                    <ul>\n                      <li>C\u00e9dula y papeleta de votaci\u00f3n<\/li>\n                      <li>Planilla de servicio b\u00e1sico<\/li>\n                      <li>Copias de escrituras<\/li>\n                      <li>Copia del impuesto predial<\/li>\n                      <li>Justificativo de ingresos<\/li>\n                    <\/ul>\n                    <h2><em style=\"font-family: &quot;Playfair Display&quot;;\">Tipos de Cr\u00e9dito<\/em><\/h2>\n                    <ul>\n                      <li>C<span style=\"font-weight: 400; font-size: 16px; font-family: &quot;Open Sans&quot;; color: rgb(70, 112, 127);\">r\u00e9dito de Consumo<\/span><\/li>\n                      <li>C<span style=\"font-weight: 400; font-size: 16px; font-family: &quot;Open Sans&quot;; color: rgb(70, 112, 127);\">r\u00e9dito Inmobiliario<\/span><\/li>\n                      <li><span style=\"font-weight: 400; font-size: 16px; font-family: &quot;Open Sans&quot;; color: rgb(70, 112, 127);\">Microcr\u00e9dito<\/span><\/li>\n                    <\/ul>\n                    <p>\n                      <br>\n                    <\/p>\n                  <\/div>\n                <\/div>\n              <\/div>\n            <\/div>\n          <\/div>\n          <div class=\"h-column h-column-container d-flex h-col-lg-auto h-col-md-auto h-col-auto style-632-outer style-local-25-c7-outer\">\n            <div data-colibri-id=\"25-c7\" class=\"d-flex h-flex-basis h-column__inner h-ui-empty-state-container h-px-lg-2 h-px-md-2 h-px-2 v-inner-lg-2 v-inner-md-2 v-inner-2 style-632 style-local-25-c7 position-relative\">\n              <!---->\n              <!---->\n              <div class=\"w-100 h-y-container h-column__content h-column__v-align flex-basis-100\">\n                <!---->\n              <\/div>\n            <\/div>\n          <\/div>\n        <\/div>\n      <\/div>\n    <\/div>\n  <\/div>\n  <div data-colibri-component=\"section\" data-colibri-id=\"25-c8\" id=\"overlappable\" class=\"h-section h-section-global-spacing d-flex align-items-lg-center align-items-md-center align-items-center style-643 style-local-25-c8 position-relative\">\n    <!---->\n    <!---->\n    <div class=\"h-section-grid-container h-section-boxed-container\">\n      <!---->\n      <div data-colibri-id=\"25-c9\" class=\"h-row-container gutters-row-lg-0 gutters-row-md-0 gutters-row-2 gutters-row-v-lg-0 gutters-row-v-md-0 gutters-row-v-2 style-644 style-local-25-c9 position-relative\">\n        <!---->\n        <div class=\"h-row justify-content-lg-center justify-content-md-center justify-content-center align-items-lg-stretch align-items-md-stretch align-items-stretch gutters-col-lg-0 gutters-col-md-0 gutters-col-2 gutters-col-v-lg-0 gutters-col-v-md-0 gutters-col-v-2\">\n          <!---->\n          <div class=\"h-column h-column-container d-flex h-col-lg-4 h-col-md-4 h-col-12 style-645-outer style-local-25-c10-outer\">\n            <div data-colibri-id=\"25-c10\" class=\"d-flex h-flex-basis h-column__inner h-px-lg-3 h-px-md-3 h-px-2 v-inner-lg-3 v-inner-md-3 v-inner-2 style-645 style-local-25-c10 position-relative\">\n              <!---->\n              <!---->\n              <div class=\"w-100 h-y-container h-column__content h-column__v-align flex-basis-100 align-self-lg-center align-self-md-center align-self-center\">\n                <!---->\n                <div data-colibri-id=\"25-c11\" class=\"h-icon style-646 style-local-25-c11 position-relative h-element\">\n                  <!---->\n                  <a href=\"https:\/\/www.seguracoop.com.ec\/wp-content\/uploads\/2023\/06\/REQUISITOS-DE-CREDITO.pdf\" h-use-smooth-scroll=\"true\"><span class=\"h-svg-icon h-icon__icon style-646-icon style-local-25-c11-icon\"><!--Icon by Font Awesome (https:\/\/fontawesome.com)-->\n    <svg version=\"1.1\" xmlns=\"http:\/\/www.w3.org\/2000\/svg\" xmlns:xlink=\"http:\/\/www.w3.org\/1999\/xlink\" id=\"folder\" viewBox=\"0 0 1664 1896.0833\">\n      <path d=\"M1664 608v704q0 92-66 158t-158 66H224q-92 0-158-66T0 1312V352q0-92 66-158t158-66h320q92 0 158 66t66 158v32h672q92 0 158 66t66 158z\"><\/path>\n    <\/svg><\/span><\/a>\n                <\/div>\n                <div data-colibri-id=\"25-c12\" class=\"h-global-transition-all h-heading style-647 style-local-25-c12 position-relative h-element\">\n                  <!---->\n                  <div class=\"h-heading__outer style-647 style-local-25-c12\">\n                    <!---->\n                    <!---->\n                    <h5 class=\"\">REQUISITOS DE CR\u00c9DITO<\/h5>\n                  <\/div>\n                <\/div>\n              <\/div>\n            <\/div>\n          <\/div>\n        <\/div>\n      <\/div>\n    <\/div>\n  <\/div>\n<\/div>","protected":false},"excerpt":{"rendered":"<p>Cr\u00e9dito Cr\u00e9dito inmediato y a la mejor tasa de inter\u00e9s del mercado, con la confianza y seguridad que te brinda nuestra instituci\u00f3n. Recuerda que somos la cooperativa que crece junto a ti. Requisitos C\u00e9dula y papeleta de votaci\u00f3n Planilla de servicio b\u00e1sico Copias de escrituras Copia del impuesto predial Justificativo de ingresos Tipos de Cr\u00e9dito [&hellip;]<\/p>\n","protected":false},"author":1,"featured_media":0,"parent":23,"menu_order":1,"comment_status":"closed","ping_status":"closed","template":"page-templates\/full-width-page.php","meta":[],"_links":{"self":[{"href":"https:\/\/www.seguracoop.com.ec\/index.php?rest_route=\/wp\/v2\/pages\/25"}],"collection":[{"href":"https:\/\/www.seguracoop.com.ec\/index.php?rest_route=\/wp\/v2\/pages"}],"about":[{"href":"https:\/\/www.seguracoop.com.ec\/index.php?rest_route=\/wp\/v2\/types\/page"}],"author":[{"embeddable":true,"href":"https:\/\/www.seguracoop.com.ec\/index.php?rest_route=\/wp\/v2\/users\/1"}],"replies":[{"embeddable":true,"href":"https:\/\/www.seguracoop.com.ec\/index.php?rest_route=%2Fwp%2Fv2%2Fcomments&post=25"}],"version-history":[{"count":20,"href":"https:\/\/www.seguracoop.com.ec\/index.php?rest_route=\/wp\/v2\/pages\/25\/revisions"}],"predecessor-version":[{"id":1296,"href":"https:\/\/www.seguracoop.com.ec\/index.php?rest_route=\/wp\/v2\/pages\/25\/revisions\/1296"}],"up":[{"embeddable":true,"href":"https:\/\/www.seguracoop.com.ec\/index.php?rest_route=\/wp\/v2\/pages\/23"}],"wp:attachment":[{"href":"https:\/\/www.seguracoop.com.ec\/index.php?rest_route=%2Fwp%2Fv2%2Fmedia&parent=25"}],"curies":[{"name":"wp","href":"https:\/\/api.w.org\/{rel}","templated":true}]}}