{"id":15,"date":"2014-02-25T16:24:55","date_gmt":"2014-02-25T16:24:55","guid":{"rendered":"http:\/\/www.coachuaycopungo.fin.ec\/?page_id=15"},"modified":"2023-07-06T06:16:42","modified_gmt":"2023-07-06T06:16:42","slug":"valores-institucionales","status":"publish","type":"page","link":"https:\/\/www.seguracoop.com.ec\/?page_id=15","title":{"rendered":"Valores Institucionales"},"content":{"rendered":"<div data-colibri-id=\"15-c1\" class=\"style-501 style-local-15-c1 position-relative\">\n  <!---->\n  <div data-colibri-component=\"section\" data-colibri-id=\"15-c32\" id=\"about\" class=\"h-section h-section-global-spacing d-flex align-items-lg-center align-items-md-center align-items-center style-532 style-local-15-c32 position-relative\">\n    <!---->\n    <!---->\n    <div class=\"h-section-grid-container h-section-boxed-container\">\n      <!---->\n      <div data-colibri-id=\"15-c33\" class=\"h-row-container gutters-row-lg-0 gutters-row-md-0 gutters-row-0 gutters-row-v-lg-0 gutters-row-v-md-0 gutters-row-v-0 style-533 style-local-15-c33 position-relative\">\n        <!---->\n        <div class=\"h-row justify-content-lg-center justify-content-md-center justify-content-center align-items-lg-stretch align-items-md-stretch align-items-stretch gutters-col-lg-0 gutters-col-md-0 gutters-col-0 gutters-col-v-lg-0 gutters-col-v-md-0 gutters-col-v-0\">\n          <!---->\n          <div class=\"h-column h-column-container d-flex h-col-lg-auto h-col-md-auto h-col-auto style-534-outer style-local-15-c34-outer\">\n            <div data-colibri-id=\"15-c34\" class=\"d-flex h-flex-basis h-column__inner h-px-lg-0 h-px-md-0 h-px-0 v-inner-lg-0 v-inner-md-0 v-inner-0 style-534 style-local-15-c34 position-relative\">\n              <!---->\n              <!---->\n              <div class=\"w-100 h-y-container h-column__content h-column__v-align flex-basis-100 align-self-lg-start align-self-md-start align-self-start\">\n                <!---->\n                <div data-colibri-id=\"15-c36\" class=\"h-global-transition-all h-heading style-536 style-local-15-c36 position-relative h-element\">\n                  <!---->\n                  <div class=\"h-heading__outer style-536 style-local-15-c36\">\n                    <!---->\n                    <!---->\n                    <h2 class=\"\">Valores<em style=\"font-family: &quot;Playfair Display&quot;;\"><br>Institucionales<\/em><\/h2>\n                  <\/div>\n                <\/div>\n                <div data-colibri-id=\"15-c37\" class=\"h-text h-text-component style-537 style-local-15-c37 position-relative h-element\">\n                  <!---->\n                  <!---->\n                  <div class=\"\">\n                    <p>L<span style=\"font-weight: 400; font-size: 16px; font-family: &quot;Open Sans&quot;; color: rgb(70, 112, 127);\">a Cooperativa de Ahorro y Cr\u00e9dito SEGURACOOP fundamentar\u00e1 el desarrollo de sus actividades de intermediaci\u00f3n financiera y gesti\u00f3n social, con base en el conocimiento y aplicaci\u00f3n de los siguientes valores:<\/span><\/p>\n                    <p>\u2022 Honradez<\/p>\n                    <p>\u2022 Responsabilidad<\/p>\n                    <p>\u2022 Compromiso<\/p>\n                    <p>\u2022 Integridad<\/p>\n                    <p>\u2022 Equidad<\/p>\n                    <p>\u2022 Solidaridad<\/p>\n                  <\/div>\n                <\/div>\n              <\/div>\n            <\/div>\n          <\/div>\n          <div class=\"h-column h-column-container d-flex h-col-lg-auto h-col-md-auto h-col-auto style-538-outer style-local-15-c38-outer\">\n            <div data-colibri-id=\"15-c38\" class=\"d-flex h-flex-basis h-column__inner h-ui-empty-state-container h-px-lg-2 h-px-md-2 h-px-2 v-inner-lg-2 v-inner-md-2 v-inner-2 style-538 style-local-15-c38 position-relative\">\n              <!---->\n              <!---->\n              <div class=\"w-100 h-y-container h-column__content h-column__v-align flex-basis-100\">\n                <!---->\n              <\/div>\n            <\/div>\n          <\/div>\n        <\/div>\n      <\/div>\n    <\/div>\n  <\/div>\n<\/div>","protected":false},"excerpt":{"rendered":"<p>ValoresInstitucionales La Cooperativa de Ahorro y Cr\u00e9dito SEGURACOOP fundamentar\u00e1 el desarrollo de sus actividades de intermediaci\u00f3n financiera y gesti\u00f3n social, con base en el conocimiento y aplicaci\u00f3n de los siguientes valores: \u2022 Honradez \u2022 Responsabilidad \u2022 Compromiso \u2022 Integridad \u2022 Equidad \u2022 Solidaridad<\/p>\n","protected":false},"author":1,"featured_media":0,"parent":2,"menu_order":3,"comment_status":"closed","ping_status":"closed","template":"page-templates\/full-width-page.php","meta":[],"_links":{"self":[{"href":"https:\/\/www.seguracoop.com.ec\/index.php?rest_route=\/wp\/v2\/pages\/15"}],"collection":[{"href":"https:\/\/www.seguracoop.com.ec\/index.php?rest_route=\/wp\/v2\/pages"}],"about":[{"href":"https:\/\/www.seguracoop.com.ec\/index.php?rest_route=\/wp\/v2\/types\/page"}],"author":[{"embeddable":true,"href":"https:\/\/www.seguracoop.com.ec\/index.php?rest_route=\/wp\/v2\/users\/1"}],"replies":[{"embeddable":true,"href":"https:\/\/www.seguracoop.com.ec\/index.php?rest_route=%2Fwp%2Fv2%2Fcomments&post=15"}],"version-history":[{"count":20,"href":"https:\/\/www.seguracoop.com.ec\/index.php?rest_route=\/wp\/v2\/pages\/15\/revisions"}],"predecessor-version":[{"id":1046,"href":"https:\/\/www.seguracoop.com.ec\/index.php?rest_route=\/wp\/v2\/pages\/15\/revisions\/1046"}],"up":[{"embeddable":true,"href":"https:\/\/www.seguracoop.com.ec\/index.php?rest_route=\/wp\/v2\/pages\/2"}],"wp:attachment":[{"href":"https:\/\/www.seguracoop.com.ec\/index.php?rest_route=%2Fwp%2Fv2%2Fmedia&parent=15"}],"curies":[{"name":"wp","href":"https:\/\/api.w.org\/{rel}","templated":true}]}}