{"id":1206,"date":"2023-07-07T01:46:33","date_gmt":"2023-07-07T01:46:33","guid":{"rendered":"https:\/\/www.seguracoop.com.ec\/?page_id=1206"},"modified":"2023-07-07T02:04:22","modified_gmt":"2023-07-07T02:04:22","slug":"empresarial","status":"publish","type":"page","link":"https:\/\/www.seguracoop.com.ec\/?page_id=1206","title":{"rendered":"Empresarial"},"content":{"rendered":"<div data-colibri-id=\"1206-c1\" class=\"style-746 style-local-1206-c1 position-relative\">\n  <!---->\n  <div data-colibri-component=\"section\" data-colibri-id=\"1206-c2\" id=\"about\" class=\"h-section h-section-global-spacing d-flex align-items-lg-center align-items-md-center align-items-center style-747 style-local-1206-c2 position-relative\">\n    <!---->\n    <!---->\n    <div class=\"h-section-grid-container h-section-boxed-container\">\n      <!---->\n      <div data-colibri-id=\"1206-c3\" class=\"h-row-container gutters-row-lg-0 gutters-row-md-0 gutters-row-0 gutters-row-v-lg-0 gutters-row-v-md-0 gutters-row-v-0 style-748 style-local-1206-c3 position-relative\">\n        <!---->\n        <div class=\"h-row justify-content-lg-center justify-content-md-center justify-content-center align-items-lg-stretch align-items-md-stretch align-items-stretch gutters-col-lg-0 gutters-col-md-0 gutters-col-0 gutters-col-v-lg-0 gutters-col-v-md-0 gutters-col-v-0\">\n          <!---->\n          <div class=\"h-column h-column-container d-flex h-col-lg-auto h-col-md-auto h-col-auto style-749-outer style-local-1206-c4-outer\">\n            <div data-colibri-id=\"1206-c4\" class=\"d-flex h-flex-basis h-column__inner h-px-lg-0 h-px-md-0 h-px-0 v-inner-lg-0 v-inner-md-0 v-inner-0 style-749 style-local-1206-c4 position-relative\">\n              <!---->\n              <!---->\n              <div class=\"w-100 h-y-container h-column__content h-column__v-align flex-basis-100 align-self-lg-start align-self-md-start align-self-start\">\n                <!---->\n                <div data-colibri-id=\"1206-c6\" class=\"h-global-transition-all h-heading style-751 style-local-1206-c6 position-relative h-element\">\n                  <!---->\n                  <div class=\"h-heading__outer style-751 style-local-1206-c6\">\n                    <!---->\n                    <!---->\n                    <h2 class=\"\">Servicios para<em style=\"font-family: &quot;Playfair Display&quot;;\"><br>tu Empresa<\/em><\/h2>\n                  <\/div>\n                <\/div>\n                <div data-colibri-id=\"1206-c5\" class=\"h-global-transition-all h-heading style-750 style-local-1206-c5 position-relative h-element\">\n                  <!---->\n                  <div class=\"h-heading__outer style-750 style-local-1206-c5\">\n                    <!---->\n                    <!---->\n                    <h5 class=\"\">ADMINISTRA LOS AHORROS DE TU EMPRESA O NEGOCIO<\/h5>\n                  <\/div>\n                <\/div>\n                <div data-colibri-id=\"1206-c7\" class=\"h-text h-text-component style-752 style-local-1206-c7 position-relative h-element\">\n                  <!---->\n                  <!---->\n                  <div class=\"\">\n                    <ul>\n                      <li>Cuentas de Ahorro<\/li>\n                      <li>Certificados de los dep\u00f3sitos a plazo fijo<\/li>\n                    <\/ul>\n                    <h5>CR\u00c9DITO PARA TU EMPRESA O NEGOCIO<\/h5>\n                    <ul>\n                      <li>Capital de trabajo<\/li>\n                      <li>Construcci\u00f3n de inmuebles<\/li>\n                      <li>Compra de inmueble<\/li>\n                      <li>Adquisici\u00f3n de inmuebles<\/li>\n                      <li>Adquisici\u00f3n de activos<\/li>\n                      <li>Microcr\u00e9ditos<\/li>\n                    <\/ul>\n                    <h5>CONVENIOS<\/h5>\n                    <ul>\n                      <li>Pago de n\u00f3mina<\/li>\n                      <li>Descuento de n\u00f3mina<\/li>\n                      <li>Cr\u00e9ditos de consumo con descuento a rol de pagos<\/li>\n                    <\/ul>\n                    <p>\n                      <br>\n                    <\/p>\n                  <\/div>\n                <\/div>\n              <\/div>\n            <\/div>\n          <\/div>\n          <div class=\"h-column h-column-container d-flex h-col-lg-auto h-col-md-auto h-col-auto style-753-outer style-local-1206-c8-outer\">\n            <div data-colibri-id=\"1206-c8\" class=\"d-flex h-flex-basis h-column__inner h-ui-empty-state-container h-px-lg-2 h-px-md-2 h-px-2 v-inner-lg-2 v-inner-md-2 v-inner-2 style-753 style-local-1206-c8 position-relative\">\n              <!---->\n              <!---->\n              <div class=\"w-100 h-y-container h-column__content h-column__v-align flex-basis-100\">\n                <!---->\n              <\/div>\n            <\/div>\n          <\/div>\n        <\/div>\n      <\/div>\n    <\/div>\n  <\/div>\n<\/div>","protected":false},"excerpt":{"rendered":"<p>Servicios paratu Empresa ADMINISTRA LOS AHORROS DE TU EMPRESA O NEGOCIO Cuentas de Ahorro Certificados de los dep\u00f3sitos a plazo fijo CR\u00c9DITO PARA TU EMPRESA O NEGOCIO Capital de trabajo Construcci\u00f3n de inmuebles Compra de inmueble Adquisici\u00f3n de inmuebles Adquisici\u00f3n de activos Microcr\u00e9ditos CONVENIOS Pago de n\u00f3mina Descuento de n\u00f3mina Cr\u00e9ditos de consumo con descuento [&hellip;]<\/p>\n","protected":false},"author":1,"featured_media":0,"parent":0,"menu_order":0,"comment_status":"closed","ping_status":"closed","template":"page-templates\/full-width-page.php","meta":[],"_links":{"self":[{"href":"https:\/\/www.seguracoop.com.ec\/index.php?rest_route=\/wp\/v2\/pages\/1206"}],"collection":[{"href":"https:\/\/www.seguracoop.com.ec\/index.php?rest_route=\/wp\/v2\/pages"}],"about":[{"href":"https:\/\/www.seguracoop.com.ec\/index.php?rest_route=\/wp\/v2\/types\/page"}],"author":[{"embeddable":true,"href":"https:\/\/www.seguracoop.com.ec\/index.php?rest_route=\/wp\/v2\/users\/1"}],"replies":[{"embeddable":true,"href":"https:\/\/www.seguracoop.com.ec\/index.php?rest_route=%2Fwp%2Fv2%2Fcomments&post=1206"}],"version-history":[{"count":2,"href":"https:\/\/www.seguracoop.com.ec\/index.php?rest_route=\/wp\/v2\/pages\/1206\/revisions"}],"predecessor-version":[{"id":1220,"href":"https:\/\/www.seguracoop.com.ec\/index.php?rest_route=\/wp\/v2\/pages\/1206\/revisions\/1220"}],"wp:attachment":[{"href":"https:\/\/www.seguracoop.com.ec\/index.php?rest_route=%2Fwp%2Fv2%2Fmedia&parent=1206"}],"curies":[{"name":"wp","href":"https:\/\/api.w.org\/{rel}","templated":true}]}}